{"id":366,"date":"2017-01-30T05:54:59","date_gmt":"2017-01-30T05:54:59","guid":{"rendered":"http:\/\/zimmerei-maeding.de\/?page_id=366"},"modified":"2017-07-30T14:00:56","modified_gmt":"2017-07-30T14:00:56","slug":"startseite","status":"publish","type":"page","link":"https:\/\/zimmerei-maeding.de\/","title":{"rendered":"Leistungen"},"content":{"rendered":"<table>\n<tbody>\n<tr>\n<td style=\"width: 45%; vertical-align: top;\">\n<ul>\n<li><span style=\"font-size: 14pt;\">Dachstuhl<\/span><\/li>\n<li><span style=\"font-size: 14pt;\">Holzrahmenbau<\/span><\/li>\n<li><span style=\"font-size: 14pt;\">Carport<\/span><\/li>\n<li><span style=\"font-size: 14pt;\">Balkone<\/span><\/li>\n<li><span style=\"font-size: 14pt;\">Terrassen<\/span><\/li>\n<li><span style=\"font-size: 14pt;\">Masivholztreppe<\/span><\/li>\n<li><span style=\"font-size: 14pt;\">Innenausbau<\/span><\/li>\n<li><span style=\"font-size: 14pt;\">Altbausanierung<\/span><\/li>\n<li><span style=\"font-size: 14pt;\">Fachwerksanierung<\/span><\/li>\n<li><span style=\"font-size: 14pt;\">Holzfassaden<\/span><\/li>\n<\/ul>\n<p><span style=\"font-size: 14pt;\">Nutzen Sie unsere langj\u00e4hrige umfangreiche Erfahrung f\u00fcr Ihre individuellen Bauprojekte im Gro\u00dfraum Leipzig und Muldental.<\/span><\/p>\n<p>&nbsp;<\/p>\n<p>&nbsp;<\/td>\n<td style=\"width: 55%;\"><img loading=\"lazy\" decoding=\"async\" class=\"alignnone size-full wp-image-400\" src=\"http:\/\/zimmerei-maeding.de\/wp-content\/uploads\/2017\/01\/galerie2-1.jpg\" alt=\"\" width=\"388\" height=\"1000\" srcset=\"https:\/\/zimmerei-maeding.de\/wp-content\/uploads\/2017\/01\/galerie2-1.jpg 388w, https:\/\/zimmerei-maeding.de\/wp-content\/uploads\/2017\/01\/galerie2-1-116x300.jpg 116w\" sizes=\"auto, (max-width: 388px) 100vw, 388px\" \/><\/td>\n<\/tr>\n<\/tbody>\n<\/table>\n","protected":false},"excerpt":{"rendered":"<p>Dachstuhl Holzrahmenbau Carport Balkone Terrassen Masivholztreppe Innenausbau Altbausanierung Fachwerksanierung Holzfassaden Nutzen Sie unsere langj\u00e4hrige umfangreiche Erfahrung f\u00fcr Ihre individuellen Bauprojekte im Gro\u00dfraum Leipzig und Muldental. &nbsp; &nbsp;<\/p>\n","protected":false},"author":1,"featured_media":0,"parent":0,"menu_order":0,"comment_status":"closed","ping_status":"closed","template":"","meta":{"footnotes":""},"class_list":["post-366","page","type-page","status-publish","hentry"],"_links":{"self":[{"href":"https:\/\/zimmerei-maeding.de\/index.php?rest_route=\/wp\/v2\/pages\/366","targetHints":{"allow":["GET"]}}],"collection":[{"href":"https:\/\/zimmerei-maeding.de\/index.php?rest_route=\/wp\/v2\/pages"}],"about":[{"href":"https:\/\/zimmerei-maeding.de\/index.php?rest_route=\/wp\/v2\/types\/page"}],"author":[{"embeddable":true,"href":"https:\/\/zimmerei-maeding.de\/index.php?rest_route=\/wp\/v2\/users\/1"}],"replies":[{"embeddable":true,"href":"https:\/\/zimmerei-maeding.de\/index.php?rest_route=%2Fwp%2Fv2%2Fcomments&post=366"}],"version-history":[{"count":17,"href":"https:\/\/zimmerei-maeding.de\/index.php?rest_route=\/wp\/v2\/pages\/366\/revisions"}],"predecessor-version":[{"id":403,"href":"https:\/\/zimmerei-maeding.de\/index.php?rest_route=\/wp\/v2\/pages\/366\/revisions\/403"}],"wp:attachment":[{"href":"https:\/\/zimmerei-maeding.de\/index.php?rest_route=%2Fwp%2Fv2%2Fmedia&parent=366"}],"curies":[{"name":"wp","href":"https:\/\/api.w.org\/{rel}","templated":true}]}}